{"id":2692,"date":"2021-09-06T21:58:41","date_gmt":"2021-09-06T19:58:41","guid":{"rendered":"http:\/\/alexandrajacquin.com\/?page_id=2692"},"modified":"2021-09-06T22:04:19","modified_gmt":"2021-09-06T20:04:19","slug":"maintenance","status":"publish","type":"page","link":"https:\/\/alexandrajacquin.com\/index.php\/maintenance\/","title":{"rendered":"Maintenance"},"content":{"rendered":"<p>[vc_row full_height=&#8221;yes&#8221; row_content_width=&#8221;grid&#8221; content_text_aligment=&#8221;center&#8221;][vc_column][vc_empty_space height=&#8221;100px&#8221;][vc_row_inner][vc_column_inner offset=&#8221;vc_col-lg-offset-3 vc_col-lg-6&#8243;]<div class=\"eltdf-section-title-holder  eltdf-st-standard eltdf-st-title-left eltdf-st-normal-space \" style=\"text-align: center\">\n\t<div class=\"eltdf-st-inner\">\n\t\t\t\t\t<h1 class=\"eltdf-st-title\" style=\"color: #7e88a6\">\n\t\t\t\tPatience, mon site arrive bient\u00f4t !\t\t\t<\/h1>\n\t\t\t\t\t\t\t<p class=\"eltdf-st-text\" style=\"font-weight: 100\">\n\t\t\t\tJe m'appelle Alexandra et je suis illustratrice. N'h\u00e9sitez pas \u00e0 revenir ici lorsque mon site sera pr\u00eat.\t\t\t<\/p>\n\t\t\t<\/div>\n<\/div>[\/vc_column_inner][\/vc_row_inner][vc_row_inner css=&#8221;.vc_custom_1528273007834{padding-top: 6% !important;padding-bottom: 6.4% !important;}&#8221;][vc_column_inner offset=&#8221;vc_col-lg-offset-2 vc_col-lg-8&#8243;]<div class=\"eltdf-countdown  \" id=\"countdown8735\" data-year=\"2021\" data-month=\"11\" data-day=\"6\" data-hour=\"3\" data-minute=\"16\" data-month-label=\"mois\" data-day-label=\"jours\" data-hour-label=\"heures\" data-minute-label=\"Minutes\" data-second-label=\"secondes\"  ><\/div>[\/vc_column_inner][\/vc_row_inner]<a itemprop=\"url\" href=\"http:\/\/www.instagram.com\/alexandra.jacquin\" target=\"_self\"  class=\"eltdf-btn eltdf-btn-medium eltdf-btn-solid eltdf-dir-aware-hover\"  >\n    <span class=\"eltdf-btn-text\">Restons en contact<\/span>\n            \t<span class=\"eltdf-btn-background-holder\">\n\t\t    <span class=\"eltdf-btn-background\"><\/span>\n\t   <\/span>\n    <\/a>[vc_empty_space height=&#8221;50px&#8221;][\/vc_column][\/vc_row]<\/p>\n","protected":false},"excerpt":{"rendered":"<p>[vc_row full_height=&#8221;yes&#8221; row_content_width=&#8221;grid&#8221; content_text_aligment=&#8221;center&#8221;][vc_column][vc_empty_space height=&#8221;100px&#8221;][vc_row_inner][vc_column_inner offset=&#8221;vc_col-lg-offset-3 vc_col-lg-6&#8243;][\/vc_column_inner][\/vc_row_inner][vc_row_inner css=&#8221;.vc_custom_1528273007834{padding-top: 6% !important;padding-bottom: 6.4% !important;}&#8221;][vc_column_inner offset=&#8221;vc_col-lg-offset-2 vc_col-lg-8&#8243;][\/vc_column_inner][\/vc_row_inner][vc_empty_space height=&#8221;50px&#8221;][\/vc_column][\/vc_row]<\/p>\n","protected":false},"author":1,"featured_media":0,"parent":0,"menu_order":0,"comment_status":"closed","ping_status":"closed","template":"coming-soon-page.php","meta":{"footnotes":""},"yoast_head":"<!-- This site is optimized with the Yoast SEO plugin v20.13 - https:\/\/yoast.com\/wordpress\/plugins\/seo\/ -->\n<title>Alexandra Jacquin - Illustratrice jeunesse<\/title>\n<meta name=\"description\" content=\"Les illustrations d&#039;Alexandra Jacquin, illustratrice pour l&#039;\u00e9dition jeunesse. Albums jeunesses, litt\u00e9rature jeunesse, livres pour enfants.\" \/>\n<meta name=\"robots\" content=\"index, follow, max-snippet:-1, max-image-preview:large, max-video-preview:-1\" \/>\n<link rel=\"canonical\" href=\"https:\/\/alexandrajacquin.com\/index.php\/maintenance\/\" \/>\n<meta property=\"og:locale\" content=\"fr_FR\" \/>\n<meta property=\"og:type\" content=\"article\" \/>\n<meta property=\"og:title\" content=\"Alexandra Jacquin - Illustratrice jeunesse\" \/>\n<meta property=\"og:description\" content=\"Les illustrations d&#039;Alexandra Jacquin, illustratrice pour l&#039;\u00e9dition jeunesse. Albums jeunesses, litt\u00e9rature jeunesse, livres pour enfants.\" \/>\n<meta property=\"og:url\" content=\"https:\/\/alexandrajacquin.com\/index.php\/maintenance\/\" \/>\n<meta property=\"og:site_name\" content=\"Alexandra Jacquin - Illustratrice\" \/>\n<meta property=\"article:publisher\" content=\"https:\/\/www.facebook.com\/alexandra.jacquin.3\" \/>\n<meta property=\"article:modified_time\" content=\"2021-09-06T20:04:19+00:00\" \/>\n<meta name=\"twitter:card\" content=\"summary_large_image\" \/>\n<meta name=\"twitter:label1\" content=\"Dur\u00e9e de lecture estim\u00e9e\" \/>\n\t<meta name=\"twitter:data1\" content=\"1 minute\" \/>\n<script type=\"application\/ld+json\" class=\"yoast-schema-graph\">{\"@context\":\"https:\/\/schema.org\",\"@graph\":[{\"@type\":\"WebPage\",\"@id\":\"https:\/\/alexandrajacquin.com\/index.php\/maintenance\/\",\"url\":\"https:\/\/alexandrajacquin.com\/index.php\/maintenance\/\",\"name\":\"Alexandra Jacquin - Illustratrice jeunesse\",\"isPartOf\":{\"@id\":\"https:\/\/alexandrajacquin.com\/#website\"},\"datePublished\":\"2021-09-06T19:58:41+00:00\",\"dateModified\":\"2021-09-06T20:04:19+00:00\",\"description\":\"Les illustrations d'Alexandra Jacquin, illustratrice pour l'\u00e9dition jeunesse. Albums jeunesses, litt\u00e9rature jeunesse, livres pour enfants.\",\"breadcrumb\":{\"@id\":\"https:\/\/alexandrajacquin.com\/index.php\/maintenance\/#breadcrumb\"},\"inLanguage\":\"fr-FR\",\"potentialAction\":[{\"@type\":\"ReadAction\",\"target\":[\"https:\/\/alexandrajacquin.com\/index.php\/maintenance\/\"]}]},{\"@type\":\"BreadcrumbList\",\"@id\":\"https:\/\/alexandrajacquin.com\/index.php\/maintenance\/#breadcrumb\",\"itemListElement\":[{\"@type\":\"ListItem\",\"position\":1,\"name\":\"Accueil\",\"item\":\"https:\/\/alexandrajacquin.com\/\"},{\"@type\":\"ListItem\",\"position\":2,\"name\":\"Maintenance\"}]},{\"@type\":\"WebSite\",\"@id\":\"https:\/\/alexandrajacquin.com\/#website\",\"url\":\"https:\/\/alexandrajacquin.com\/\",\"name\":\"Alexandra Jacquin - Illustratrice\",\"description\":\"Illustratrice jeunesse\",\"publisher\":{\"@id\":\"https:\/\/alexandrajacquin.com\/#organization\"},\"potentialAction\":[{\"@type\":\"SearchAction\",\"target\":{\"@type\":\"EntryPoint\",\"urlTemplate\":\"https:\/\/alexandrajacquin.com\/?s={search_term_string}\"},\"query-input\":\"required name=search_term_string\"}],\"inLanguage\":\"fr-FR\"},{\"@type\":\"Organization\",\"@id\":\"https:\/\/alexandrajacquin.com\/#organization\",\"name\":\"Alexandra Jacquin illustratrice\",\"url\":\"https:\/\/alexandrajacquin.com\/\",\"logo\":{\"@type\":\"ImageObject\",\"inLanguage\":\"fr-FR\",\"@id\":\"https:\/\/alexandrajacquin.com\/#\/schema\/logo\/image\/\",\"url\":\"http:\/\/alexandrajacquin.com\/wp-content\/uploads\/2020\/04\/CV-alexandra.jacquin-1.jpg?v=1596266338\",\"contentUrl\":\"http:\/\/alexandrajacquin.com\/wp-content\/uploads\/2020\/04\/CV-alexandra.jacquin-1.jpg?v=1596266338\",\"width\":321,\"height\":208,\"caption\":\"Alexandra Jacquin illustratrice\"},\"image\":{\"@id\":\"https:\/\/alexandrajacquin.com\/#\/schema\/logo\/image\/\"},\"sameAs\":[\"https:\/\/www.facebook.com\/alexandra.jacquin.3\",\"https:\/\/www.instagram.com\/alexandra.jacquin\/\",\"https:\/\/www.linkedin.com\/in\/alexandra-jacquin-\"]}]}<\/script>\n<!-- \/ Yoast SEO plugin. -->","yoast_head_json":{"title":"Alexandra Jacquin - Illustratrice jeunesse","description":"Les illustrations d'Alexandra Jacquin, illustratrice pour l'\u00e9dition jeunesse. Albums jeunesses, litt\u00e9rature jeunesse, livres pour enfants.","robots":{"index":"index","follow":"follow","max-snippet":"max-snippet:-1","max-image-preview":"max-image-preview:large","max-video-preview":"max-video-preview:-1"},"canonical":"https:\/\/alexandrajacquin.com\/index.php\/maintenance\/","og_locale":"fr_FR","og_type":"article","og_title":"Alexandra Jacquin - Illustratrice jeunesse","og_description":"Les illustrations d'Alexandra Jacquin, illustratrice pour l'\u00e9dition jeunesse. Albums jeunesses, litt\u00e9rature jeunesse, livres pour enfants.","og_url":"https:\/\/alexandrajacquin.com\/index.php\/maintenance\/","og_site_name":"Alexandra Jacquin - Illustratrice","article_publisher":"https:\/\/www.facebook.com\/alexandra.jacquin.3","article_modified_time":"2021-09-06T20:04:19+00:00","twitter_card":"summary_large_image","twitter_misc":{"Dur\u00e9e de lecture estim\u00e9e":"1 minute"},"schema":{"@context":"https:\/\/schema.org","@graph":[{"@type":"WebPage","@id":"https:\/\/alexandrajacquin.com\/index.php\/maintenance\/","url":"https:\/\/alexandrajacquin.com\/index.php\/maintenance\/","name":"Alexandra Jacquin - Illustratrice jeunesse","isPartOf":{"@id":"https:\/\/alexandrajacquin.com\/#website"},"datePublished":"2021-09-06T19:58:41+00:00","dateModified":"2021-09-06T20:04:19+00:00","description":"Les illustrations d'Alexandra Jacquin, illustratrice pour l'\u00e9dition jeunesse. Albums jeunesses, litt\u00e9rature jeunesse, livres pour enfants.","breadcrumb":{"@id":"https:\/\/alexandrajacquin.com\/index.php\/maintenance\/#breadcrumb"},"inLanguage":"fr-FR","potentialAction":[{"@type":"ReadAction","target":["https:\/\/alexandrajacquin.com\/index.php\/maintenance\/"]}]},{"@type":"BreadcrumbList","@id":"https:\/\/alexandrajacquin.com\/index.php\/maintenance\/#breadcrumb","itemListElement":[{"@type":"ListItem","position":1,"name":"Accueil","item":"https:\/\/alexandrajacquin.com\/"},{"@type":"ListItem","position":2,"name":"Maintenance"}]},{"@type":"WebSite","@id":"https:\/\/alexandrajacquin.com\/#website","url":"https:\/\/alexandrajacquin.com\/","name":"Alexandra Jacquin - Illustratrice","description":"Illustratrice jeunesse","publisher":{"@id":"https:\/\/alexandrajacquin.com\/#organization"},"potentialAction":[{"@type":"SearchAction","target":{"@type":"EntryPoint","urlTemplate":"https:\/\/alexandrajacquin.com\/?s={search_term_string}"},"query-input":"required name=search_term_string"}],"inLanguage":"fr-FR"},{"@type":"Organization","@id":"https:\/\/alexandrajacquin.com\/#organization","name":"Alexandra Jacquin illustratrice","url":"https:\/\/alexandrajacquin.com\/","logo":{"@type":"ImageObject","inLanguage":"fr-FR","@id":"https:\/\/alexandrajacquin.com\/#\/schema\/logo\/image\/","url":"http:\/\/alexandrajacquin.com\/wp-content\/uploads\/2020\/04\/CV-alexandra.jacquin-1.jpg?v=1596266338","contentUrl":"http:\/\/alexandrajacquin.com\/wp-content\/uploads\/2020\/04\/CV-alexandra.jacquin-1.jpg?v=1596266338","width":321,"height":208,"caption":"Alexandra Jacquin illustratrice"},"image":{"@id":"https:\/\/alexandrajacquin.com\/#\/schema\/logo\/image\/"},"sameAs":["https:\/\/www.facebook.com\/alexandra.jacquin.3","https:\/\/www.instagram.com\/alexandra.jacquin\/","https:\/\/www.linkedin.com\/in\/alexandra-jacquin-"]}]}},"_links":{"self":[{"href":"https:\/\/alexandrajacquin.com\/index.php\/wp-json\/wp\/v2\/pages\/2692"}],"collection":[{"href":"https:\/\/alexandrajacquin.com\/index.php\/wp-json\/wp\/v2\/pages"}],"about":[{"href":"https:\/\/alexandrajacquin.com\/index.php\/wp-json\/wp\/v2\/types\/page"}],"author":[{"embeddable":true,"href":"https:\/\/alexandrajacquin.com\/index.php\/wp-json\/wp\/v2\/users\/1"}],"replies":[{"embeddable":true,"href":"https:\/\/alexandrajacquin.com\/index.php\/wp-json\/wp\/v2\/comments?post=2692"}],"version-history":[{"count":17,"href":"https:\/\/alexandrajacquin.com\/index.php\/wp-json\/wp\/v2\/pages\/2692\/revisions"}],"predecessor-version":[{"id":2710,"href":"https:\/\/alexandrajacquin.com\/index.php\/wp-json\/wp\/v2\/pages\/2692\/revisions\/2710"}],"wp:attachment":[{"href":"https:\/\/alexandrajacquin.com\/index.php\/wp-json\/wp\/v2\/media?parent=2692"}],"curies":[{"name":"wp","href":"https:\/\/api.w.org\/{rel}","templated":true}]}}